{"id":817,"date":"2018-09-13T07:56:32","date_gmt":"2018-09-13T07:56:32","guid":{"rendered":"http:\/\/konte.uix.store\/?post_type=product&#038;p=817"},"modified":"2020-09-04T08:51:46","modified_gmt":"2020-09-04T08:51:46","slug":"participant-kit","status":"publish","type":"product","link":"https:\/\/thecolorrun.shop\/?product=participant-kit","title":{"rendered":"Dalyvio komplektas Make Magic"},"content":{"rendered":"<h2 id=\"event-info-name\" class=\"info-label event-name\">THE COLOR RUN Vilnius 2020.09.06 dalyvio kompektas<\/h2>\n<div class=\"event-description\">\n<p><a href=\"https:\/\/tickets.paysera.com\/lt-LT\/event\/the-color-run-2020-vilnius\"><strong>D\u0116MESIO! \u0160IUO METU REGISTRACIJA VYKDOMA TIK \u010cIA &gt;&gt;&gt;<\/strong> NUORODA<\/a><br \/>\nhttps:\/\/tickets.paysera.com\/lt-LT\/event\/the-color-run-2020-vilnius<\/p>\n<p>Kvie\u010diame visus svajoklius! Prisijunk prie THE COLOR RUN spalvingo b\u0117gimo ir sukurkime magij\u0105 kartu!<br \/>\nThe Color Run yra skirtas visiems, nepriklausomai nuo am\u017eiaus ar fizin\u0117s b\u016bkl\u0117s.<br \/>\nPer Vingio park\u0105 b\u0117game su daug spalv\u0173, geros nuotaikos ir muzikos. 5KM \u0161ypsen\u0173!<br \/>\n<strong><br \/>\n#MakeMagic #MakeMemories #MakeMore #Together<\/strong><\/p>\n<p>Registruokis jau dabar. Biliet\u0173 ir temini\u0173 2020 met\u0173 MAGI\u0160KO turo b\u0117gimo mar\u0161kin\u0117li\u0173 kiekis labai ribotas.<\/p>\n<\/div>\n","protected":false},"excerpt":{"rendered":"<div class=\"event-description\">\n<p>THE COLOR RUN Vilnius 2020 dalyvio krep\u0161elis<\/p>\n<\/div>\n","protected":false},"featured_media":1560,"template":"","meta":[],"_links":{"self":[{"href":"https:\/\/thecolorrun.shop\/index.php?rest_route=\/wp\/v2\/product\/817"}],"collection":[{"href":"https:\/\/thecolorrun.shop\/index.php?rest_route=\/wp\/v2\/product"}],"about":[{"href":"https:\/\/thecolorrun.shop\/index.php?rest_route=\/wp\/v2\/types\/product"}],"wp:featuredmedia":[{"embeddable":true,"href":"https:\/\/thecolorrun.shop\/index.php?rest_route=\/wp\/v2\/media\/1560"}],"wp:attachment":[{"href":"https:\/\/thecolorrun.shop\/index.php?rest_route=%2Fwp%2Fv2%2Fmedia&parent=817"}],"curies":[{"name":"wp","href":"https:\/\/api.w.org\/{rel}","templated":true}]}}