{"id":3,"date":"2020-07-06T17:36:29","date_gmt":"2020-07-06T17:36:29","guid":{"rendered":"https:\/\/thecolorrun.shop\/?page_id=3"},"modified":"2020-07-11T16:42:20","modified_gmt":"2020-07-11T16:42:20","slug":"privatumo-politika","status":"publish","type":"page","link":"https:\/\/thecolorrun.shop\/?page_id=3","title":{"rendered":"Privatumo politika"},"content":{"rendered":"<h3>KOKI\u0104 INFORMACIJ\u0104 MES RENKAME?<\/h3>\n<p>I\u0161 j\u016bs\u0173 renkama informacij\u0105, registracijos metu, atsakant \u012f apklaus\u0105, prisijungus prie m\u016bs\u0173 VIP s\u0105ra\u0161o ar u\u017epildant form\u0105 m\u016bs\u0173 svetain\u0117je. Atlikdami u\u017esakym\u0105 ar registruodamiesi m\u016bs\u0173 svetain\u0117je galite b\u016bti papra\u0161yti \u012fvesti savo vard\u0105, pavard\u0119, el. pa\u0161to adres\u0105, adres\u0105, telefono numer\u012f ar atsiskaitymo kortel\u0117s informacij\u0105. Taip pat galite apsilankyti m\u016bs\u0173 svetain\u0117je anonimi\u0161kai.<\/p>\n<h3>KAM NAUDOJAMA J\u016aS\u0172 INFORMACIJ\u0104?<\/h3>\n<p>Bet kuri i\u0161 j\u016bs\u0173 surinkta informacija gali b\u016bti naudojama vienu i\u0161 \u0161i\u0173 b\u016bd\u0173:<\/p>\n<ul>\n<li>Nor\u0117dami personalizuoti j\u016bs\u0173 patirt\u012f (j\u016bs\u0173 informacija padeda mums geriau reaguoti \u012f j\u016bs\u0173 individualius poreikius);<\/li>\n<li>Nor\u0117dami patobulinti savo svetain\u0119 (mes nuolat stengiam\u0117s tobulinti savo interneto svetaini\u0173 pasi\u016bl\u0105, remdamiesi i\u0161 j\u016bs\u0173 gauta informacija ir atsiliepimais);<\/li>\n<li>Tobulinti klient\u0173 aptarnavim\u0105 (j\u016bs\u0173 informacija mums padeda efektyviau reaguoti \u012f klient\u0173 aptarnavimo u\u017eklausas ir palaikymo poreikius);<\/li>\n<li>Nor\u0117dami tvarkyti operacijas, j\u016bs\u0173 vie\u0161a ar privati \u200b\u200binformacija nebus parduodama, kei\u010diama, perduodama jokiai kitai \u012fmonei d\u0117l bet koki\u0173 prie\u017eas\u010di\u0173 be j\u016bs\u0173 sutikimo, i\u0161skyrus tiksl\u0105 pristatyti \u012fsigyt\u0105 produkt\u0105 ar paslaug\u0105, kurios pra\u0161oma;<\/li>\n<li>Administruojant konkursus, reklamas, apklausas ar kit\u0105 svetain\u0117s funkcij\u0105;<\/li>\n<li>Nor\u0117dami si\u0173sti periodinius el. lai\u0161kus, el . pa\u0161to adresas, kur\u012f pateikiate u\u017esakym\u0173 apdorojimui, gali b\u016bti naudojamas siun\u010diant jums informacij\u0105 ir naujienas, susijusias su j\u016bs\u0173 u\u017esakymu, bei, kad gautum\u0117te periodin\u0117s \u012fmon\u0117s naujienas, atnaujinimus, susijusi\u0105 informacij\u0105 apie produkt\u0105 ar paslaug\u0105 ir pan. Pastaba: norint atsisakyti b\u016bsim\u0173 el. lai\u0161k\u0173 prenumeratos, kiekvieno el. lai\u0161ko apa\u010dioje pateikiame i\u0161samias prenumeratos instrukcijas.<\/li>\n<\/ul>\n<h3>KAIP MES APSAUGOME J\u016aS\u0172 INFORMACIJ\u0104?<\/h3>\n<p>Mes \u012fgyvendiname \u012fvairias saugumo priemones, kad i\u0161laikytume j\u016bs\u0173 asmenin\u0117s informacijos saugum\u0105 pateikiant u\u017esakym\u0105 ar \u012fvedant asmenin\u0119 informacij\u0105 m\u016bs\u0173 svetain\u0117je. Mes patariame naudoti saug\u0173 server\u012f. Visa pateikta slapta \/ kreditin\u0117 informacija perduodama naudojant \u201eSecure Socket Layer\u201c (SSL) technologij\u0105 ir tada enkriptuojama \u201ePayment gateway\u201c teik\u0117j\u0173 duomen\u0173 baz\u0117je, kad j\u0105 gal\u0117t\u0173 pasiekti tik tie, kuriems suteikta teis\u0117 naudotis tokiomis sistemomis ir kurie privalo saugoti informacij\u0105 konfidencialiai. Po operacijos j\u016bs\u0173 asmenin\u0117 informacija (kreditin\u0117s kortel\u0117s, asmenin\u0117 informacija ir kt.) nebus saugoma m\u016bs\u0173 serveriuose.<\/p>\n<h3>AR MES NAUDOJAME SLAPUKUS?<\/h3>\n<p>Taip. Slapukai yra ma\u017ei failai, kuriuos svetain\u0117 ar jos paslaug\u0173 teik\u0117jas perkelia \u012f j\u016bs\u0173 kompiuterio kiet\u0105j\u012f disk\u0105 per j\u016bs\u0173 interneto nar\u0161ykl\u0119 (jei leid\u017eiate), leid\u017eianti svetain\u0117ms ar paslaug\u0173 teik\u0117j\u0173 sistemoms atpa\u017einti j\u016bs\u0173 nar\u0161ykl\u0119 ir u\u017efiksuoti bei atsiminti tam tikr\u0105 informacij\u0105. Mes naudojame slapukus tam, kad pad\u0117tume prisiminti ir apdoroti j\u016bs\u0173 pirkini\u0173 krep\u0161elyje esan\u010dias prekes, suprasti ir i\u0161saugoti j\u016bs\u0173 b\u016bsim\u0173 apsilankym\u0173 nuostatas bei kaupti suvestinius duomenis apie svetain\u0117s lankomum\u0105 ir s\u0105veik\u0105, kad ateityje gal\u0117tume pasi\u016blyti geresni\u0173 svetaini\u0173 patirt\u012f ir \u012frankius. Taip pat galime naudoti DART slapukus, reklam\u0173 teikimui naudojantis \u201eGoogle DoubleClick\u201c. DART slapukus taip pat galime naudoti reklam\u0173 teikimui naudodami \u201eGoogle DoubleClick\u201c, kuris talpina slapuk\u0105 j\u016bs\u0173 kompiuteryje, kai j\u016bs nar\u0161ote internete ir lankot\u0117s svetain\u0117je naudodami \u201eDoubleClick\u201c reklam\u0105 (\u012fskaitant kai kurias \u201eGoogle AdSense\u201c reklamas). Slapukas naudojamas pateikiant jums konkre\u010dius skelbimus bei reklamas, atitinkan\u010dias j\u016bs\u0173 pom\u0117giams, interesams. Pateikiamas reklamas turi b\u016bti taikomas atsi\u017evelgiant \u012f j\u016bs\u0173 ankstesn\u0119 nar\u0161ymo istorij\u0105 (pavyzd\u017eiui, jei aplankote svetaines, kuriose ie\u0161kote patarim\u0173 k\u0105 aplankyti Lietuvoje, galite pamatyti ir \u012fvairi\u0173 vie\u0161bu\u010di\u0173 skelbimus, kai aplankote kit\u0105 svetain\u0119, pavyzd\u017eiui, avalyn\u0117s internetin\u0117 parduotuv\u0119 ). DART naudoja \u201eneidentifikuojam\u0105 informacij\u0105\u201c, kuri nenaudoja j\u016bs\u0173 asmenin\u0117s informacijos, tokios kaip j\u016bs\u0173 vardas, el. pa\u0161to adresas, fizinis adresas, telefono numeris, banko s\u0105skaitos ar kreditin\u0117s kortel\u0117s numeriai. Jei norite, \u201eatsisakyti\u201c internetini\u0173 reklam\u0173 gavim\u0105 i\u0161 m\u016bs\u0173, aplankykite <a href=\"https:\/\/support.google.com\/ads\/answer\/2662922?hl=en\">https:\/\/support.google.com\/ads\/answer\/2662922?hl=en<\/a> <a href=\"http:\/\/www.aboutads.info\/choices\/\">http:\/\/www.aboutads.info\/choices\/<\/a><\/p>\n<h3>AR ATSKLEID\u017dIAME KOKI\u0104 NORS INFORMACIJ\u0104 TRE\u010cIOSIOMS \u0160ALIMS?<\/h3>\n<p>Mes neparduodame, nesidaliname kitaip nevie\u0161iname j\u016bs\u0173 asmenin\u0117 informacija tre\u010diosioms \u0161alims, i\u0161skyrus atvejus, nurodytus privatumo politikoje. Dalijam\u0117s galutinio vartotojo duomenimis su \u201eMajor League Baseball Properties, Inc.\u201c\u00a0 ir \u201eMLB Advanced Media, LP\u00a0 \u201c Va\u0161ingtone, 2018 m.\u00a0 Taip pat atskleid\u017eiame asmen\u012f identifikuojan\u010di\u0105 informacij\u0105 patikimoms tre\u010diosioms \u0161alims, kurios padeda mums valdyti m\u016bs\u0173 svetain\u0119, vykdyti m\u016bs\u0173 versl\u0105 ar aptarnauti jus, jei \u0161ios \u0161alys sutinka i\u0161laikyti \u0161i\u0105 informacij\u0105 konfidenciali\u0105. Mes taip pat galime paskelbti j\u016bs\u0173 informacij\u0105, kai manome, kad vie\u0161inimas atitinka \u012fstatymuose nurodytai tvarkai, norint vykdyti m\u016bs\u0173 svetain\u0117s politik\u0105 arba apsaugoti m\u016bs\u0173 ar kit\u0173 teises, nuosavyb\u0119 ar saugum\u0105. Ta\u010diau neidentifikuojama lankytoj\u0173 informacija gali b\u016bti teikiama kitoms \u0161alims rinkodaros, reklamos ar kitais tikslais.<\/p>\n<h3>TRE\u010cI\u0172J\u0172 \u0160ALI\u0172 NUORODOS<\/h3>\n<p>Kartais savo nuo\u017ei\u016bra \u012f savo svetain\u0119 galime \u012ftraukti ar pasi\u016blyti tre\u010di\u0173j\u0173 \u0161ali\u0173 gaminius ar paslaugas. \u0160iose tre\u010di\u0173j\u0173 \u0161ali\u0173 svetain\u0117se yra atskira ir nepriklausoma privatumo politika. Tod\u0117l mes nesame atsakingi u\u017e \u0161i\u0173 svetaini\u0173 turin\u012f ir veikl\u0105. Nepaisant to, mes siekiame apsaugoti savo svetain\u0117s vientisum\u0105 ir palaikome visus atsiliepimus apie \u0161ias svetaines.<\/p>\n<h3>VAIK\u0172 INTERNETINIO PRIVATUMO APSAUGOS \u012eSTATYMO LAIKYMASIS<\/h3>\n<p>Mes vykdome COPPA (Vaik\u0173 internetinio privatumo apsaugos \u012fstatymo) reikalavimus, nerenkame jokios informacijos i\u0161 asmen\u0173, jaunesni\u0173 nei 13 met\u0173. M\u016bs\u0173 svetain\u0117, produktai ir paslaugos yra skirti \u017emon\u0117ms, kuriems yra bent 13 met\u0173 ar vyresni.<\/p>\n<h3>PREKI\u0172 PIRKIMO &#8211; PARDAVIMO TAISYKL\u0116S<\/h3>\n<p>Taip pat apsilankykite m\u016bs\u0173 Preki\u0173 pirkimo &#8211; pardavimo taisykl\u0117se, <strong><a href=\"http:\/\/thecolorrun.shop\/index.php\/taisykles\/\">Taisykl\u0117s,<\/a><\/strong> ir su\u017einokite apie svetain\u0117s naudojim\u0105, atsakomyb\u0117s bei apribojimus.<\/p>\n<h3>J\u016aS\u0172 SUTIKIMAS<\/h3>\n<p>Naudodamiesi m\u016bs\u0173 svetaine j\u016bs sutinkate su m\u016bs\u0173 privatumo politika.<\/p>\n<h3>M\u016aS\u0172 PRIVATUMO POLITIKOS PAKEITIMAI<\/h3>\n<p>Jei nuspr\u0119sime pakeisti savo privatumo politik\u0105, pakeitimus paskelbsime \u0161iame puslapyje.<\/p>\n<h3>KREIPKIT\u0116S \u012e MUS<\/h3>\n<p>Jei kyla klausim\u0173 d\u0117l \u0161ios Privatumo Politikos, galite susisiekti su mumis naudodami \u017eemiau pateikt\u0105 informacij\u0105. El. pa\u0161to adresas: <a href=\"mailto:info@thecolorrun.lt\">info@thecolorrun.lt<\/a><\/p>\n","protected":false},"excerpt":{"rendered":"<p>KOKI\u0104 INFORMACIJ\u0104 MES RENKAME? I\u0161 j\u016bs\u0173 renkama informacij\u0105, registracijos metu, atsakant \u012f apklaus\u0105, prisijungus prie m\u016bs\u0173 VIP s\u0105ra\u0161o ar u\u017epildant form\u0105 m\u016bs\u0173 svetain\u0117je. Atlikdami u\u017esakym\u0105 ar registruodamiesi m\u016bs\u0173 svetain\u0117je galite&hellip;<\/p>\n","protected":false},"author":1,"featured_media":0,"parent":0,"menu_order":0,"comment_status":"closed","ping_status":"open","template":"","meta":[],"_links":{"self":[{"href":"https:\/\/thecolorrun.shop\/index.php?rest_route=\/wp\/v2\/pages\/3"}],"collection":[{"href":"https:\/\/thecolorrun.shop\/index.php?rest_route=\/wp\/v2\/pages"}],"about":[{"href":"https:\/\/thecolorrun.shop\/index.php?rest_route=\/wp\/v2\/types\/page"}],"author":[{"embeddable":true,"href":"https:\/\/thecolorrun.shop\/index.php?rest_route=\/wp\/v2\/users\/1"}],"replies":[{"embeddable":true,"href":"https:\/\/thecolorrun.shop\/index.php?rest_route=%2Fwp%2Fv2%2Fcomments&post=3"}],"version-history":[{"count":3,"href":"https:\/\/thecolorrun.shop\/index.php?rest_route=\/wp\/v2\/pages\/3\/revisions"}],"predecessor-version":[{"id":1573,"href":"https:\/\/thecolorrun.shop\/index.php?rest_route=\/wp\/v2\/pages\/3\/revisions\/1573"}],"wp:attachment":[{"href":"https:\/\/thecolorrun.shop\/index.php?rest_route=%2Fwp%2Fv2%2Fmedia&parent=3"}],"curies":[{"name":"wp","href":"https:\/\/api.w.org\/{rel}","templated":true}]}}