{"id":1330,"date":"2018-08-22T08:50:17","date_gmt":"2018-08-22T08:50:17","guid":{"rendered":"http:\/\/konte.uix.store\/?page_id=3"},"modified":"2020-07-11T15:15:34","modified_gmt":"2020-07-11T15:15:34","slug":"taisykles","status":"publish","type":"page","link":"https:\/\/thecolorrun.shop\/?page_id=1330","title":{"rendered":"Taisykl\u0117s"},"content":{"rendered":"<p>PREKI\u0172 PIRKIMO-PARDAVIMO TAISYKL\u0116S<\/p>\n<ol>\n<li>Bendrosios nuostatos<\/li>\n<\/ol>\n<p>1.1. \u0160ios pirkimo ir pardavimo taisykl\u0117s (toliau \u2013 Taisykl\u0117s) nustato asmens, \u012fsigyjan\u010dio prekes https:\/\/www.thecolorrun.shop elektronin\u0117je parduotuv\u0117je (toliau \u2013 Pirk\u0117jas), ir The Color Run (toliau \u2013 Pardav\u0117jas) tarpusavio teises, pareigas ir atsakomyb\u0119, Pirk\u0117jui \u012fsigyjant prekes elektronin\u0117je parduotuv\u0117je. \u012esigydamas prekes elektronin\u0117je parduotuv\u0117je, Pirk\u0117jas sutinka su \u0161i\u0173 Taisykli\u0173 taikymu,<\/p>\n<p>1.2. Preki\u0173 pirkimo- pardavimo sutartis tarp Pirk\u0117jo ir Pardav\u0117jo (toliau \u2013 sutartis) laikoma sudaryta nuo to momento, kai Pirk\u0117jas el. parduotuv\u0117je suformav\u0119s preki\u0173 krep\u0161el\u012f, nurod\u0119s pristatymo adres\u0105, pasirink\u0119s apmok\u0117jimo b\u016bd\u0105 ir susipa\u017ein\u0119s su \u0161iomis Taisykl\u0117mis paspaud\u017eia mygtuk\u0105 \u201ePatvirtinti preki\u0173 u\u017esakym\u0105\u201c, Pirk\u0117jui atlikus auk\u0161\u010diau nurodytus veiksmus, Pardav\u0117jas Pirk\u0117jo nurodytu elektroninio pa\u0161to adresu i\u0161siun\u010dia patvirtinim\u0105, kad u\u017esakymas yra priimtas bei jame nurodo tiksli\u0105 prek\u0117s kain\u0105.<\/p>\n<p>1.3. Pardav\u0117jas pasilieka teis\u0119 keisti \u0161ias Taisykles, \u012fskaitant, bet neapsiribojant, d\u0117l:<\/p>\n<p>(a) apmok\u0117jimo s\u0105lyg\u0173 keitimo;<\/p>\n<p>(b) taikytin\u0173 teis\u0117s akt\u0173 pakeitim\u0173.<\/p>\n<p>1.4. Kiekvien\u0105 kart\u0105 u\u017esisakant Prekes, Sutarties tarp Pardav\u0117jo ir Pirk\u0117jo sudarymo tikslais, galios tuo metu galiojanti Taisykli\u0173 redakcija, tod\u0117l kiekvien\u0105 kart\u0105 u\u017esakant Prekes, rekomenduojame per\u017ei\u016br\u0117ti Taisykles tam, kad Pirk\u0117jas b\u016bt\u0173 \u012fsitikin\u0119s, jog pilnai supranta kokiomis s\u0105lygomis, konkre\u010diu atveju, bus daromas u\u017esakymas. Paskutin\u012f kart\u0105 \u0161ios Taisykl\u0117s buvo atnaujintos 2020.07.10.<\/p>\n<p>1.5. Kiekvien\u0105 kart\u0105 pasikeitus Taisykl\u0117ms, Pardav\u0117jas informuos Pirk\u0117j\u0105 ir prane\u0161 apie tai, nurodydamas, kad Taisykl\u0117s buvo pakeistos ir j\u0173 pakeitimo data bus pateikiama \u0161i\u0173 Taisykli\u0173 1.4 punkte.<\/p>\n<ol start=\"2\">\n<li>Pirk\u0117jo teis\u0117s ir pareigos<\/li>\n<\/ol>\n<p>2.1. Pirk\u0117jas turi teis\u0119 pirkti Prekes elektronin\u0117je parduotuv\u0117je, vadovaudamasis \u0161iomis Taisykl\u0117mis bei Lietuvos Respublikos teis\u0117s aktais.<\/p>\n<p>2.2. Pirk\u0117jas (vartotojas) turi teis\u0119 nenurodydamas prie\u017easties nepatirdamas kit\u0173, negu nustatyta Civilinio kodekso kodekso 6.228 (11) straipsnyje, i\u0161laid\u0173 , atsisakyti elektronin\u0117je parduotuv\u0117je sudarytos preki\u0173 pirkimo ir pardavimo sutarties (toliau \u2013 Sutartis) su Pardav\u0117ju, apie tai ra\u0161tu prane\u0161damas Pardav\u0117jui per 14 (keturiolika) kalendorini\u0173 dien\u0173 nuo preki\u0173 gavimo dienos. Pirk\u0117jas, pageidaudamas atsisakyti Pirkimo-pardavimo sutarties, turi susisiekti su Pardav\u0117ju arba pateikti ai\u0161k\u0173 prane\u0161im\u0105 elektroniniu pa\u0161tu info@thecolorrun.lt, kuriame b\u016bt\u0173 ai\u0161kiai i\u0161d\u0117stytas sprendimas atsisakyti pirkimo pardavimo sutarties. Gav\u0119s Pirk\u0117jo prane\u0161im\u0105, Pardav\u0117jas nedelsdamas i\u0161siun\u010dia patvirtinim\u0105 apie prane\u0161imo gavim\u0105.<\/p>\n<p>2.3. Teise gr\u0105\u017einti Prekes Pirk\u0117jas gali pasinaudoti tik tuo atveju, jeigu nebuvo praleistas Prek\u0117s gr\u0105\u017einimui nustatytas terminas.<\/p>\n<p>2.4. Gr\u0105\u017einama Prek\u0117 turi b\u016bti nesugadinta, nepraradusi prekin\u0117s i\u0161vaizdos (nepa\u017eeistos etiket\u0117s, apsaugin\u0117s pl\u0117vel\u0117s ir kt.), taip pat ji turi b\u016bti nenaudota. Visos gr\u0105\u017einamos Prek\u0117s turi b\u016bti su autenti\u0161komis etiket\u0117mis, apsauginiais mai\u0161eliais bei tais pa\u010diais priedais, su kuriais ir buvo parduotos. Gr\u0105\u017einama Prek\u0117 turi b\u016bti tvarkingoje originalioje pakuot\u0117je (su instrukcija ir garantiniu talonu, jei jie buvo pristatyti su Preke) tos pa\u010dios sud\u0117ties, kokios buvo Pirk\u0117jo \u012fsigyta.<\/p>\n<p>2.5. Pirkimo-pardavimo sutarties atsisakymo teis\u0117 netaikoma d\u0117l:<\/p>\n<p>pagal specialius Pirk\u0117jo nurodymus pagamint\u0173 Preki\u0173, kurios n\u0117ra i\u0161 anksto pagamintos ir kurios gaminamos atsi\u017evelgiant \u012f Pirk\u0117jo asmenin\u012f pasirinkim\u0105 ar nurodym\u0105, arba d\u0117l Preki\u0173, kurios yra ai\u0161kiai pritaikytos Pirk\u0117jo asmenin\u0117ms reikm\u0117ms;<\/p>\n<p>greitai gendan\u010di\u0173 Preki\u0173 ar Preki\u0173, kuri\u0173 galiojimo laikas yra trumpas;<\/p>\n<p>supakuot\u0173 Preki\u0173, kurios buvo i\u0161pakuotos po pristatymo ir kurios yra netinkamos gr\u0105\u017einti d\u0117l sveikatos apsaugos ar higienos prie\u017eas\u010di\u0173;<\/p>\n<p>preki\u0173, kurios po pristatymo d\u0117l savo pob\u016bd\u017eio neatskiriamai susimai\u0161o su kitais daiktais;<\/p>\n<p>supakuot\u0173 vaizdo ar garso \u012fra\u0161\u0173 arba supakuotos programin\u0117s \u012frangos, kurie buvo i\u0161pakuoti po pristatymo;<\/p>\n<p>pristatymo i\u0161laidos n\u0117ra gr\u0105\u017einamos;<\/p>\n<p>2.6. Pirk\u0117jui, atsisakiusiam Sutarties, gr\u0105\u017einami visi u\u017e Prek\u0119 sumok\u0117ti pinigai \u012fskaitant pristatymo i\u0161laidas. Gav\u0119s Prekes ir \u012fvertin\u0119s j\u0173 kokyb\u0119 Pardav\u0117jas gr\u0105\u017eina pinigus u\u017e Prekes ne v\u0117liau nei per 14 (keturiolika) dien\u0173 nuo ra\u0161ti\u0161ko prane\u0161imo apie Sutarties atsisakym\u0105 gavimo, i\u0161skyrus atvejus nurodytus \u0161ios pirkimo-pardavimo sutarties 2.3. ir 2.4. punktuose. Jei gr\u0105\u017einama tik dalis Preki\u0173, pristatymo i\u0161laidos gr\u0105\u017einamos tik tuo atveju, jeigu likusioms to paties u\u017esakymo Prek\u0117ms, perkant tik jas, b\u016bt\u0173 taikytas ma\u017eesnis tarifas, nei tarifas, taikytas perkant Prekes kartu su gr\u0105\u017einamomis Prek\u0117mis ir tik apimtimi, lygia min\u0117t\u0173 tarif\u0173 skirtumui.<\/p>\n<p>2.7. Tuo atveju, jeigu Prek\u0117s buvo pristatytos Pirk\u0117jui, po Sutarties at\u0161aukimo:<\/p>\n<p>Pirk\u0117jas privalo nedelsiant gr\u0105\u017einti Prek\u0119\/Prekes Pardav\u0117jui;<\/p>\n<p>Pirk\u0117jas turi pareig\u0105 tinkamai saugoti Prekes iki j\u0173 gr\u0105\u017einimo Pardav\u0117jui.<\/p>\n<p>2.8. Pirk\u0117jas turi kitas \u0161iose Taisykl\u0117se ir Lietuvos Respublikos teis\u0117s aktuose nustatytas teises ir pareigas.<\/p>\n<p>2.9. Pirk\u0117jas \u012fsipareigoja u\u017e Prekes ir su preki\u0173 pristatymu susijusi\u0105 kain\u0105 sumok\u0117ti per nustatyt\u0105 termin\u0105 ir priimti u\u017esakytas prekes.<\/p>\n<p>2.10. Pirk\u0117jas sutinka, kad Pardav\u0117jas \u0161ios sutarties \u012fvykdymui pasitelkt\u0173 tre\u010diuosius asmenis.<\/p>\n<p>2.11. Pirk\u0117jas turi teis\u0119 ir yra skatinamas atsispausdinti \u0161ias Taisykles ateities reikm\u0117ms.<\/p>\n<p>2.12. Pirk\u0117jas turi teis\u0119 kreiptis \u012f Pardav\u0117j\u0105 d\u0117l jo registracijos (paskyros) elektronin\u0117je parduotuv\u0117je sustabdymo ar panaikinimo. Pra\u0161ymas gali b\u016bti pateikiamas Pardav\u0117jo el. pa\u0161tu info@thecolorrun.lt, registruotu pa\u0161tu arba pateikiant pra\u0161ym\u0105 atvykus \u012f Pardav\u0117jo buvein\u0117s viet\u0105. Pardav\u0117jas prie\u0161 patenkindamas \u0161\u012f Pirk\u0117jo pra\u0161ym\u0105 gali atlikti Pirk\u0117jo tapatyb\u0117s nustatymo veiksmus. \u0160iuo tikslu Pardav\u0117jas gali nurodyti Pirk\u0117jui pateikti jo registracijos anketoje pateiktus aktualius anketinius duomenis (pvz.: vard\u0105, el. pa\u0161to adres\u0105 ar tel. numer\u012f), kuriuos gal\u0117t\u0173 palyginti su atitinkamais Pardav\u0117jo turimais Pirk\u0117jo anketiniais duomenimis. Vykdant \u0161\u012f patikrinim\u0105, Pardav\u0117jas taip pat gali i\u0161si\u0173sti kontrolin\u012f prane\u0161im\u0105 Pirk\u0117jo registracijos anketoje nurodytu kontaktiniu telefono numeriu (SMS) arba el. pa\u0161tu, pra\u0161ydamas atlikti autorizacijos veiksm\u0105. Jeigu patikrinimo proced\u016bra bus nes\u0117kminga, Pardav\u0117jas netenkins Pirk\u0117jo pateikto pra\u0161ymo d\u0117l jo registracijos elektronin\u0117je parduotuv\u0117je sustabdymo ar panaikinimo.<\/p>\n<ol start=\"3\">\n<li>Pardav\u0117jo teis\u0117s ir pareigos<\/li>\n<\/ol>\n<p>3.1. Pardav\u0117jas \u012fsipareigoja sudaryti visas s\u0105lygas Pirk\u0117jui tinkamai naudotis el. parduotuv\u0117s teikiamomis paslaugomis, ta\u010diau Pardav\u0117jas nesuteikia joki\u0173 garantij\u0173 , kad elektronin\u0117 parduotuv\u0117 veiks nenutr\u016bkstamai ar kad duomen\u0173 perdavimas vyks be sutrikim\u0173 bei neatsako u\u017e nedidelius netikslumus.<\/p>\n<p>3.2. Pardav\u0117jas \u012fsipareigoja pristatyti Pirk\u0117jui jo u\u017esakytas prekes, Pirk\u0117jo nurodytu adresu per nustatyt\u0105 termin\u0105.<\/p>\n<p>3.3. D\u0117l svarbi\u0173 prie\u017eas\u010di\u0173 ar technini\u0173 nesklandum\u0173 Pardav\u0117jui negalint pristatyti Pirk\u0117jo u\u017esakytos prek\u0117s (preki\u0173) tai Pardav\u0117jas \u012fsipareigoja Pirk\u0117jui pasi\u016blyti analogi\u0161k\u0105 prek\u0119, o Pirk\u0117jui atsisakius priimti prek\u0117s analog\u0105, gr\u0105\u017einti Pirk\u0117jo sumok\u0117tus pinigus per 10 darbo dien\u0173. \u0160iuo atveju Pardav\u0117jas atleid\u017eiamas nuo atsakomyb\u0117s u\u017e preki\u0173 nepateikim\u0105.<\/p>\n<p>3.4. Jei Pirk\u0117jas bando pakenkti elektronin\u0117s parduotuv\u0117s darbui ar jos tinkamam veikimui, pardav\u0117jas turi teis\u0119 apriboti ir \/ar sustabdyti Pirk\u0117jo galimyb\u0119 naudotis elektronin\u0117s parduotuv\u0117s darbu ir\/ar panaikinti Pirk\u0117jo registracij\u0105 elektronin\u0117je parduotuv\u0117je i\u0161anksto Pirk\u0117jo ne\u012fsp\u0117jus.<\/p>\n<p>3.5. Pardav\u0117jas turi teis\u0119 viena\u0161ali\u0161kai pakeisti \u0161ias Taisykles. Pakeistos Taisykl\u0117s \u012fsigalioja nuo j\u0173 paskelbimo elektronin\u0117je parduotuv\u0117je momento ir galioja visoms po Taisykli\u0173 paskelbimo sudarytoms pirkimo-pardavimo sutartims.<\/p>\n<p>3.6. Pardav\u0117jas turi ir kitas Taisykl\u0117se ir Lietuvos Respublikos teis\u0117s aktuose nurodytas teises ir pareigas.<\/p>\n<p>3.7. Pardav\u0117jas, gav\u0119s Pirk\u0117jo pra\u0161ym\u0105 d\u0117l jo registracijos (paskyros) elektronin\u0117je parduotuv\u0117je sustabdymo ar panaikinimo, turi teis\u0119 atlikti Taisykl\u0117se nustatytus Pirk\u0117jo tapatyb\u0117s nustatymo veiksmus. Pirk\u0117jui s\u0117kmingai atlikus autorizacijos veiksm\u0105 Pardav\u0117jas nepagr\u012fstai nedelsdamas atlieka Pirk\u0117jo registracijos (paskyros) elektronin\u0117je parduotuv\u0117je sustabdym\u0105 ar panaikinim\u0105. Pardav\u0117jas gali netenkinti Pirk\u0117jo pra\u0161ymo panaikinti jo registracij\u0105 (paskyros) elektronin\u0117je parduotuv\u0117je, jeigu sprend\u017eiami kokie nors gin\u010dai tarp \u0161ali\u0173 arba atsiranda kita teisin\u0117 prie\u017eastis (pvz. \u012fstatymin\u0117 prievol\u0117, Pardav\u0117jas \u012fpareigojamas atitinkamos teis\u0117saugos institucijos ir pan.). Tokiais atvejais, iki i\u0161nyks aplinkyb\u0117s trukdan\u010dios panaikinti Pirk\u0117jo registracij\u0105 (paskyr\u0105) elektronin\u0117je parduotuv\u0117je, Pardav\u0117jas Pirk\u0117jo registracij\u0105 (paskyr\u0105) tik sustabdo.<\/p>\n<ol start=\"4\">\n<li>Preki\u0173 kaina ir atsiskaitymas.<\/li>\n<\/ol>\n<p>4.1. Elektronin\u0117je parduotuv\u0117je nurodyta Prek\u0117s galutin\u0117 kaina, t.y. \u012f nurodyt\u0105 kain\u0105 yra \u012fskai\u010diuotas galiojantis prid\u0117tin\u0117s vert\u0117s mokes\u010dio tarifas. \u012e prek\u0117s kain\u0105 ne\u012fskai\u010diuotas pristatymo mokestis.<\/p>\n<p>4.2. U\u017e Prekes Pirk\u0117jas \u012fsipareigoja sumok\u0117ti per 1 (vien\u0105) darbo dien\u0105 Pardav\u0117jo pasi\u016blyta forma. Jeigu Pirk\u0117jas per nustatyt\u0105 termin\u0105 nesumoka nurodytos kainos, laikoma, kad Pirk\u0117jas atsisako vykdyti sutart\u012f, tod\u0117l Pardav\u0117jas turi teis\u0119 sustabdyti u\u017esakymo vykdym\u0105.<\/p>\n<p>4.3. U\u017e el. parduotuv\u0117je i\u0161sirinktas ir u\u017esakytas prekes Pirk\u0117jas gali Pardav\u0117jui sumok\u0117ti trimis b\u016bdais :<\/p>\n<p>4.3.1. Pasinaudojus elektronin\u0117s bankininkyst\u0117s paslaugomis, 3 pirkimo \u017eingsnyje pasirinkite reikiamo banko nuorod\u0105. 5 \u017eingsnyje paspauskite \u201cAtlikti mok\u0117jim\u0105\u201d, u\u017esiregistruokite atsidariusiame banko tinklalapyje ir patvirtinkite parengt\u0105 mok\u0117jimo pavedim\u0105. Jokio papildomo informavimo tokiu atveju nereikia. U\u017esakymo statusas pasikei\u010dia \u012f \u201capmok\u0117tas\u201d ir u\u017esakymas pradedamas vykdyti.<\/p>\n<p>4.3.2. Bankiniu pavedimu i\u0161 \u0161i\u0173 bank\u0173: AB SEB bankas, AB DNB bankas, Luminor, AB Swedbank, (\u012fne\u0161ant grynus pinigus arba darant pervedim\u0105 i\u0161 s\u0105skaitos) \u012f pardav\u0117jo banko s\u0105skait\u0105 (eurais), mok\u0117jimo paskirtyje pra\u0161ome nurodyti Jums suteikt\u0105 u\u017esakymo numer\u012f. Po pavedimo atlikimo b\u016btinai mus informuokite el. pa\u0161tu info@thecolorrun.lt. U\u017esakymas nepradedamas vykdyti, kol negauname informacijos apie atlikt\u0105 pavedim\u0105, nes u\u017esakymo statusas lieka nepasikeit\u0119s, jis matomas kaip \u201cneapmok\u0117tas\u201d. Jei padar\u0117te pavedim\u0105, ta\u010diau preki\u0173 dar negavote ir norite gr\u0105\u017eintis pinigus, informuokite mus telefonu ar el. pa\u0161tu. vadybininkas informuos Jus kaip ir kur pateikti u\u017epildyt\u0105 pra\u0161ym\u0105 (XLSX arba PDF failas)<\/p>\n<p>4.3.3 S\u0105skait\u0105 i\u0161ra\u0161ys pardav\u0117jas po preki\u0173 pristatymo ir ji bus atsi\u0173sta pirk\u0117jui el. pa\u0161tu.<\/p>\n<ol start=\"5\">\n<li>Preki\u0173 pristatymas.<\/li>\n<\/ol>\n<p>5.1. Prek\u0117s Pirk\u0117jo s\u0105skaita pristatomo pa\u0161tomatu arba kurjeriu.<\/p>\n<p>5.2. Tiksli Preki\u0173 kaina, pristatymo kaina, Preki\u0173 kiekis bei asortimentas, pristatymo terminas yra nurodomas Pardav\u0117jo patvirtintame preki\u0173 u\u017esakyme. Labai retais atvejais kai kurios prek\u0117s negali b\u016bti parduodamos po 1 vnt., tod\u0117l po u\u017esakymo, per 4 darbo valandas apie tai galite b\u016bti informuoti.<\/p>\n<p>5.3. Preki\u0173 pristatymo metu Pirk\u0117jas (Pirk\u0117jo atstovas) \u012fsipareigoja patikrinti Preki\u0173 siuntos pakuot\u0117s b\u016bkl\u0119, preki\u0173 kiek\u012f, kokyb\u0119 ir asortiment\u0105.<\/p>\n<p>5.4. Nusta\u010dius Preki\u0173 siuntos pakuot\u0117s pa\u017eeidim\u0105, ta\u010diau nenusta\u010dius preki\u0173 kiekio, kokyb\u0117s, asortimento neatitikimo(\u0173), Pirk\u0117jas (Pirk\u0117jo atstovas) privalo apie Preki\u0173 siuntos pakuot\u0117s pa\u017eeidim\u0105 pa\u017eym\u0117ti Pardav\u0117jo (pardav\u0117jo atstovo) pateiktame dokumente.<\/p>\n<p>5.5. Nusta\u010dius preki\u0173 kiekio ir\/ar kokyb\u0117s ir\/ar asortimento neatitikim\u0105(us), Pirk\u0117jas (Pirk\u0117jo atstovas) Preki\u0173 siuntos privalo nepriimti. Tokiu atveju Pardav\u0117jas (Pardav\u0117jo atstovas) ar kurjeris kartu su Pirk\u0117ju (Pirk\u0117jo atstovu) apie tai \u012fformina Preki\u0173 nepri\u0117mimo akt\u0105, kuriame ra\u0161tu pa\u017eymi rastus pa\u017eeidimus ir neatitikimus.<\/p>\n<p>5.6. Pirk\u0117jui (Pirk\u0117jo atstovui) pri\u0117mus Preki\u0173 siunt\u0105 ir pasira\u0161ius atitinkame pristatymo dokumente bei pa\u017eym\u0117jus apie Preki\u0173 siuntos pakuot\u0117s pa\u017eeidim\u0105, laikoma, kad prek\u0117s pristatytos pa\u017eeistoje siuntos pakuot\u0117je, ta\u010diau preki\u0173 kiekis, kokyb\u0117, asortimentas atitinka pirkimo-pardavimo sutarties s\u0105lygas, papildomos paslaugos, nurodytos pristatymo dokumente tinkamai atliktos.<\/p>\n<p>5.7. Pirk\u0117jui (Pirk\u0117jo atstovui) pri\u0117mus Preki\u0173 siunt\u0105 ir pasira\u0161ius atitinkame pristatymo dokumente be pastab\u0173, laikoma, kad prek\u0117s pristatytos nepa\u017eeistoje siuntos pakuot\u0117je, preki\u0173 kiekis, kokyb\u0117, asortimentas atitinka pirkimo-pardavimo sutarties s\u0105lygas, papildomos paslaugos, nurodytos atitinkame dokumente yra tinkamai atliktos.<\/p>\n<p>5.8. Prista\u010dius prekes Pirk\u0117jo nurodytu adresu, laikoma, kad prek\u0117s Pirk\u0117jui yra perduotos, nepriklausomai nuo to, ar prekes fakti\u0161kai pri\u0117m\u0117 Pirk\u0117jas, ar bet kuris kitas asmuo, pri\u0117m\u0119s prekes nurodytu adresu. Jei planuojam\u0105 preki\u0173 pristatymo dien\u0105 prek\u0117s nepristatomos, Pirk\u0117jas nedelsiant, ta\u010diau ne v\u0117liau kaip kit\u0105 dien\u0105 po planuotos preki\u0173 pristatymo dienos, apie tai informuoja Pardav\u0117j\u0105. Prie\u0161ingu atveju Pirk\u0117jas praranda teis\u0119 reik\u0161ti Pardav\u0117jui reikalavimus, susijusius su Prek\u0117s (preki\u0173) nepristatymu ar pav\u0117luotu pristatymu.<\/p>\n<ol start=\"6\">\n<li>Preki\u0173 garantija<\/li>\n<\/ol>\n<p>6.1. Pardav\u0117jas garantuoja Preki\u0173 kokyb\u0119 (\u012fstatymin\u0117 kokyb\u0117s garantija). Pardav\u0117jas skirtingoms Prek\u0117ms suteikia tam tikr\u0105 laik\u0105 galiojan\u010di\u0105 kokyb\u0117s garantij\u0105, kurios konkretus terminas ir kitos s\u0105lygos nurodomi toki\u0173 Preki\u0173 apra\u0161ymuose.<\/p>\n<p>6.2. Preki\u0173 tr\u016bkumai \u0161alinami, nekokybi\u0161kos Prek\u0117s kei\u010diamos, gr\u0105\u017einamos vadovaujantis Lietuvos Respublikos teis\u0117s akt\u0173 reikalavimais.<\/p>\n<p>6.3. Jeigu pristatyta Prek\u0117 ar Prek\u0117s neatitinka kokyb\u0117s reikalavim\u0173, Pirk\u0117jas kreipiasi el. parduotuv\u0117s bendraisiais kontaktais.<\/p>\n<ol start=\"7\">\n<li>Asmens duomen\u0173 tvarkymas<\/li>\n<\/ol>\n<p>7.1 Visos taisykl\u0117s aptartos dokumente \u201e<a href=\"https:\/\/auto-prekes.lt\/privatumo-politika\/\">Privatumo politika<\/a>\u201c.<\/p>\n<ol start=\"8\">\n<li>Informacijos siuntimas<\/li>\n<\/ol>\n<p>8.1. Pardav\u0117jas visus prane\u0161imus siun\u010dia Pirk\u0117jo registracijos formoje pateikt\u0173 elektroninio pa\u0161to adresu ir sms \u017einute u\u017esakyme nurodytu telefono numeriu.<\/p>\n<p>8.2. Pirk\u0117jas visus prane\u0161imus ir klausimus siun\u010dia Pardav\u0117jo elektronin\u0117je parduotuv\u0117je nurodytu el.pa\u0161tu: info@thecolorrun.lt<\/p>\n<ol start=\"9\">\n<li>Atsakomyb\u0117<\/li>\n<\/ol>\n<p>9.1. Pirk\u0117jas atsako u\u017e registracijos formoje pateikt\u0173 duomen\u0173 teisingum\u0105. Pirk\u0117jas prisiima atsakomyb\u0119 u\u017e pas\u0117kmes ir padarinius, d\u0117l registracijos formoje pateikt\u0173 neteising\u0173\/klaiding\u0173 duomen\u0173.<\/p>\n<p>9.2. Vadovaujantis Lietuvos Respublikos Elektroninio para\u0161o \u012fstatymo 8 str.2 ir 3 d., Pirk\u0117jas susitaria su Pardav\u0117ju, kad Pirk\u0117jo veiksm\u0173 elektronin\u0117je parduotuv\u0117je patvirtinimas prisijungimo prie elektronin\u0117s parduotuv\u0117s duomenimis, turi Lietuvos Respublikos Elektroninio para\u0161o \u012fstatymo 8 str. 1 d. \u012ftvirtint\u0105 elektroninio para\u0161o teisin\u0119 gali\u0105 (t.y. toki\u0105 pa\u010di\u0105 teisin\u0119 gali\u0105 kaip ir para\u0161as ra\u0161ytiniuose dokumentuose). Pirk\u0117jas privalo ir \u012fsipareigoja saugoti savo prisijungimo prie elektronin\u0117s parduotuv\u0117s duomenis ir j\u0173 neatskleisti tretiesiems asmenims. Visi Pirk\u0117jo veiksmai atlikti naudojant Pirk\u0117jo duomenis laikomi atliktais Pirk\u0117jo, ir Pirk\u0117jas prisiima vis\u0105 atsakomyb\u0119 d\u0117l atliekam\u0173 veiksm\u0173 bei naudojam\u0173 duomen\u0173 pob\u016bd\u017eio.<\/p>\n<p>9.3. U\u017e pirkimo-pardavimo sutarties, sudarytos elektronin\u0117je parduotuv\u0117je, pa\u017eeidim\u0105 \u0161alys atsako Lietuvos Respublikos teis\u0117s akt\u0173 nustatyta tvarka.<\/p>\n<ol start=\"10\">\n<li>Baigiamosios nuostatos<\/li>\n<\/ol>\n<p>10.1. \u0160ioms taisykl\u0117ms taikoma Lietuvos Respublikos teis\u0117.<\/p>\n<p>10.2. Visi nesutarimai, kil\u0119 i\u0161 ar susij\u0119 su pirkimo ir pardavimo sutartimi tarp Pirk\u0117jo ir Pardav\u0117jo, yra sprend\u017eiami derybomis. Nepavykus susitarti, nesutarimai yra sprend\u017eiami Lietuvos Respublikos teis\u0117s akt\u0173 nustatyta tvarka.<\/p>\n<p>10.3. \u201ePra\u0161ym\u0105\/skund\u0105 d\u0117l https:\/\/www.thecolorrun.shop interneto parduotuv\u0117je \u012fsigytos prek\u0117s ar paslaugos galite pateikti Valstybinei vartotoj\u0173 teisi\u0173 apsaugos tarnybai (Vilniaus g. 25, 01402 Vilnius, el. p. tarnyba@vvtat.lt, tel. 8 5 262 67 51, faks. (8 5) 279 1466, interneto svetain\u0117je www.vvtat.lt, jos teritoriniams padaliniams apskrityse, ar u\u017epildyti pra\u0161ymo form\u0105 EGS platformoje http:\/\/ec.europa.eu\/odr\/.<\/p>\n","protected":false},"excerpt":{"rendered":"<p>PREKI\u0172 PIRKIMO-PARDAVIMO TAISYKL\u0116S Bendrosios nuostatos 1.1. \u0160ios pirkimo ir pardavimo taisykl\u0117s (toliau \u2013 Taisykl\u0117s) nustato asmens, \u012fsigyjan\u010dio prekes https:\/\/www.thecolorrun.shop elektronin\u0117je parduotuv\u0117je (toliau \u2013 Pirk\u0117jas), ir The Color Run (toliau \u2013&hellip;<\/p>\n","protected":false},"author":1,"featured_media":0,"parent":0,"menu_order":0,"comment_status":"closed","ping_status":"open","template":"","meta":[],"_links":{"self":[{"href":"https:\/\/thecolorrun.shop\/index.php?rest_route=\/wp\/v2\/pages\/1330"}],"collection":[{"href":"https:\/\/thecolorrun.shop\/index.php?rest_route=\/wp\/v2\/pages"}],"about":[{"href":"https:\/\/thecolorrun.shop\/index.php?rest_route=\/wp\/v2\/types\/page"}],"author":[{"embeddable":true,"href":"https:\/\/thecolorrun.shop\/index.php?rest_route=\/wp\/v2\/users\/1"}],"replies":[{"embeddable":true,"href":"https:\/\/thecolorrun.shop\/index.php?rest_route=%2Fwp%2Fv2%2Fcomments&post=1330"}],"version-history":[{"count":2,"href":"https:\/\/thecolorrun.shop\/index.php?rest_route=\/wp\/v2\/pages\/1330\/revisions"}],"predecessor-version":[{"id":1543,"href":"https:\/\/thecolorrun.shop\/index.php?rest_route=\/wp\/v2\/pages\/1330\/revisions\/1543"}],"wp:attachment":[{"href":"https:\/\/thecolorrun.shop\/index.php?rest_route=%2Fwp%2Fv2%2Fmedia&parent=1330"}],"curies":[{"name":"wp","href":"https:\/\/api.w.org\/{rel}","templated":true}]}}